{"id":6,"date":"2021-10-19T10:13:43","date_gmt":"2021-10-19T10:13:43","guid":{"rendered":"http:\/\/liceoguernika.com\/?page_id=6"},"modified":"2021-11-29T11:29:17","modified_gmt":"2021-11-29T11:29:17","slug":"admisiones","status":"publish","type":"page","link":"https:\/\/liceoguernika.com\/?page_id=6","title":{"rendered":"Admisiones"},"content":{"rendered":"\n<figure class=\"wp-block-image alignfull size-large is-style-default\"><img src=\"https:\/\/liceoguernika.com\/wp-content\/uploads\/2021\/11\/Admisiones-1024x505.png\" alt=\"\" class=\"wp-image-110\"\/><figcaption><div class=\"protocolo-label\">PROTOCOLO ADMISIONES ESTUDIANTES NUEVOS 2022<\/div><\/figcaption><\/figure>\n\n\n\n<div class=\"wp-block-columns\">\n<div class=\"wp-block-column\">\n<figure class=\"wp-block-image size-medium\"><img loading=\"lazy\" width=\"252\" height=\"300\" src=\"https:\/\/liceoguernika.com\/wp-content\/uploads\/2021\/11\/paso-1-252x300.png\" alt=\"\" class=\"wp-image-340\" srcset=\"https:\/\/liceoguernika.com\/wp-content\/uploads\/2021\/11\/paso-1-252x300.png 252w, https:\/\/liceoguernika.com\/wp-content\/uploads\/2021\/11\/paso-1-50x60.png 50w, https:\/\/liceoguernika.com\/wp-content\/uploads\/2021\/11\/paso-1.png 470w\" sizes=\"(max-width: 252px) 100vw, 252px\" \/><\/figure>\n<\/div>\n\n\n\n<div class=\"wp-block-column\">\n<figure class=\"wp-block-image size-medium\"><img loading=\"lazy\" width=\"252\" height=\"300\" src=\"https:\/\/liceoguernika.com\/wp-content\/uploads\/2021\/11\/paso-2-252x300.png\" alt=\"\" class=\"wp-image-341\" srcset=\"https:\/\/liceoguernika.com\/wp-content\/uploads\/2021\/11\/paso-2-252x300.png 252w, https:\/\/liceoguernika.com\/wp-content\/uploads\/2021\/11\/paso-2-50x60.png 50w, https:\/\/liceoguernika.com\/wp-content\/uploads\/2021\/11\/paso-2.png 470w\" sizes=\"(max-width: 252px) 100vw, 252px\" \/><\/figure>\n<\/div>\n\n\n\n<div class=\"wp-block-column\">\n<figure class=\"wp-block-image size-medium\"><img loading=\"lazy\" width=\"252\" height=\"300\" src=\"https:\/\/liceoguernika.com\/wp-content\/uploads\/2021\/11\/paso-3-252x300.png\" alt=\"\" class=\"wp-image-342\" srcset=\"https:\/\/liceoguernika.com\/wp-content\/uploads\/2021\/11\/paso-3-252x300.png 252w, https:\/\/liceoguernika.com\/wp-content\/uploads\/2021\/11\/paso-3-50x60.png 50w, https:\/\/liceoguernika.com\/wp-content\/uploads\/2021\/11\/paso-3.png 470w\" sizes=\"(max-width: 252px) 100vw, 252px\" \/><\/figure>\n<\/div>\n<\/div>\n\n\n\n<ul class=\"ul_text\"><li><span style=\"color:#07375a\" class=\"has-inline-color\">Presentarse en le liceo con un acompa\u00f1ante mayor de edad, el d\u00eda y la hora asignada para la evaluaci\u00f3n de admisi\u00f3n&nbsp;.<\/span><\/li><li><span style=\"color:#07375a\" class=\"has-inline-color\">Una vez que el colegio apruebe la Admisi\u00f3n del estudiante; este deber portar los documentos para la matricula y proceder\u00e1 a hacer registrado en as fechas establecidas <\/span><span class=\"has-inline-color has-black-color\"> <\/span><\/li><\/ul>\n\n\n\n<p><\/p>\n\n\n\n<p><\/p>\n\n\n\n<div class=\"wp-block-image\"><figure class=\"aligncenter size-full is-resized\"><a href=\"https:\/\/liceoguernika.com\/wp-content\/uploads\/2021\/11\/Documentos-para-matricula-2021.pdf\" target=\"_blank\" rel=\"noopener\"><img loading=\"lazy\" src=\"https:\/\/liceoguernika.com\/wp-content\/uploads\/2021\/11\/Admisiones-1.png\" alt=\"\" class=\"wp-image-348\" width=\"592\" height=\"322\" srcset=\"https:\/\/liceoguernika.com\/wp-content\/uploads\/2021\/11\/Admisiones-1.png 789w, https:\/\/liceoguernika.com\/wp-content\/uploads\/2021\/11\/Admisiones-1-300x163.png 300w, https:\/\/liceoguernika.com\/wp-content\/uploads\/2021\/11\/Admisiones-1-768x418.png 768w, https:\/\/liceoguernika.com\/wp-content\/uploads\/2021\/11\/Admisiones-1-110x60.png 110w\" sizes=\"(max-width: 592px) 100vw, 592px\" \/><\/a><\/figure><\/div>\n","protected":false},"excerpt":{"rendered":"<p>Presentarse en le liceo con un acompa\u00f1ante mayor de edad, el d\u00eda y la hora asignada para la evaluaci\u00f3n de admisi\u00f3n&nbsp;. Una vez que el &hellip; <\/p>\n","protected":false},"author":1,"featured_media":0,"parent":0,"menu_order":0,"comment_status":"closed","ping_status":"closed","template":"","meta":{"om_disable_all_campaigns":false,"_monsterinsights_skip_tracking":false,"_monsterinsights_sitenote_active":false,"_monsterinsights_sitenote_note":"","_monsterinsights_sitenote_category":0},"_links":{"self":[{"href":"https:\/\/liceoguernika.com\/index.php?rest_route=\/wp\/v2\/pages\/6"}],"collection":[{"href":"https:\/\/liceoguernika.com\/index.php?rest_route=\/wp\/v2\/pages"}],"about":[{"href":"https:\/\/liceoguernika.com\/index.php?rest_route=\/wp\/v2\/types\/page"}],"author":[{"embeddable":true,"href":"https:\/\/liceoguernika.com\/index.php?rest_route=\/wp\/v2\/users\/1"}],"replies":[{"embeddable":true,"href":"https:\/\/liceoguernika.com\/index.php?rest_route=%2Fwp%2Fv2%2Fcomments&post=6"}],"version-history":[{"count":21,"href":"https:\/\/liceoguernika.com\/index.php?rest_route=\/wp\/v2\/pages\/6\/revisions"}],"predecessor-version":[{"id":669,"href":"https:\/\/liceoguernika.com\/index.php?rest_route=\/wp\/v2\/pages\/6\/revisions\/669"}],"wp:attachment":[{"href":"https:\/\/liceoguernika.com\/index.php?rest_route=%2Fwp%2Fv2%2Fmedia&parent=6"}],"curies":[{"name":"wp","href":"https:\/\/api.w.org\/{rel}","templated":true}]}}